{"id":3134,"date":"2023-04-09T20:32:59","date_gmt":"2023-04-09T20:32:59","guid":{"rendered":"https:\/\/ready4uni.eu\/?page_id=3134"},"modified":"2023-04-17T20:18:50","modified_gmt":"2023-04-17T20:18:50","slug":"sociology-intercultural-mediation","status":"publish","type":"page","link":"https:\/\/ready4uni.eu\/index.php\/degrees\/wroclaw-university\/sociology-intercultural-mediation\/","title":{"rendered":"Sociology: Intercultural Mediation"},"content":{"rendered":"\t\t<div data-elementor-type=\"wp-page\" data-elementor-id=\"3134\" class=\"elementor elementor-3134\">\n\t\t\t\t\t\t<section class=\"elementor-section elementor-top-section elementor-element elementor-element-d1f0489 elementor-section-full_width elementor-section-height-default elementor-section-height-default\" data-id=\"d1f0489\" data-element_type=\"section\" data-e-type=\"section\">\n\t\t\t\t\t\t<div class=\"elementor-container elementor-column-gap-default\">\n\t\t\t\t\t<div class=\"elementor-column elementor-col-100 elementor-top-column elementor-element elementor-element-3769a0e\" data-id=\"3769a0e\" data-element_type=\"column\" data-e-type=\"column\" data-settings=\"{&quot;background_background&quot;:&quot;slideshow&quot;,&quot;background_slideshow_gallery&quot;:[{&quot;id&quot;:2566,&quot;url&quot;:&quot;http:\\\/\\\/ready4uni.eu\\\/wp-content\\\/uploads\\\/2023\\\/03\\\/UWr-grafiki-historia6.webp&quot;}],&quot;background_slideshow_loop&quot;:&quot;yes&quot;,&quot;background_slideshow_slide_duration&quot;:5000,&quot;background_slideshow_slide_transition&quot;:&quot;fade&quot;,&quot;background_slideshow_transition_duration&quot;:500}\">\n\t\t\t<div class=\"elementor-widget-wrap\">\n\t\t\t\t\t\t\t<\/div>\n\t\t<\/div>\n\t\t\t\t\t<\/div>\n\t\t<\/section>\n\t\t\t\t<section class=\"elementor-section elementor-top-section elementor-element elementor-element-ccbe2c2 elementor-section-full_width elementor-section-height-default elementor-section-height-default\" data-id=\"ccbe2c2\" data-element_type=\"section\" data-e-type=\"section\">\n\t\t\t\t\t\t<div class=\"elementor-container elementor-column-gap-default\">\n\t\t\t\t\t<div class=\"elementor-column elementor-col-100 elementor-top-column elementor-element elementor-element-14856cc\" data-id=\"14856cc\" data-element_type=\"column\" data-e-type=\"column\" data-settings=\"{&quot;background_background&quot;:&quot;slideshow&quot;,&quot;background_slideshow_gallery&quot;:[{&quot;id&quot;:3149,&quot;url&quot;:&quot;http:\\\/\\\/ready4uni.eu\\\/wp-content\\\/uploads\\\/2023\\\/04\\\/close-up-young-colleagues-having-meeting-scaled.jpg&quot;}],&quot;background_slideshow_loop&quot;:&quot;yes&quot;,&quot;background_slideshow_slide_duration&quot;:5000,&quot;background_slideshow_slide_transition&quot;:&quot;fade&quot;,&quot;background_slideshow_transition_duration&quot;:500}\">\n\t\t\t<div class=\"elementor-widget-wrap elementor-element-populated\">\n\t\t\t\t\t\t<div class=\"elementor-element elementor-element-3a7eac4 elementor-widget__width-inherit elementor-widget elementor-widget-text-editor\" data-id=\"3a7eac4\" data-element_type=\"widget\" data-e-type=\"widget\" data-widget_type=\"text-editor.default\">\n\t\t\t\t<div class=\"elementor-widget-container\">\n\t\t\t\t\t\t\t\t\t<p style=\"font-size: 29px; font-style: normal; font-weight: 400;\"><b>Sociology: Intercultural Mediation<\/b><\/p>\t\t\t\t\t\t\t\t<\/div>\n\t\t\t\t<\/div>\n\t\t\t\t\t<\/div>\n\t\t<\/div>\n\t\t\t\t\t<\/div>\n\t\t<\/section>\n\t\t\t\t<section class=\"elementor-section elementor-top-section elementor-element elementor-element-c1eff83 elementor-section-boxed elementor-section-height-default elementor-section-height-default\" data-id=\"c1eff83\" data-element_type=\"section\" data-e-type=\"section\">\n\t\t\t\t\t\t<div class=\"elementor-container elementor-column-gap-default\">\n\t\t\t\t\t<div class=\"elementor-column elementor-col-100 elementor-top-column elementor-element elementor-element-62d0fbe\" data-id=\"62d0fbe\" data-element_type=\"column\" data-e-type=\"column\">\n\t\t\t<div class=\"elementor-widget-wrap elementor-element-populated\">\n\t\t\t\t\t\t<div class=\"elementor-element elementor-element-0f3b55c elementor-widget elementor-widget-text-editor\" data-id=\"0f3b55c\" data-element_type=\"widget\" data-e-type=\"widget\" data-widget_type=\"text-editor.default\">\n\t\t\t\t<div class=\"elementor-widget-container\">\n\t\t\t\t\t\t\t\t\t<table><tbody><tr><td><p><strong>Master<\/strong><\/p><\/td><td><p><strong>Fulltime studies in English<\/strong><\/p><\/td><td><p><strong>Faculty of Social Sciences<\/strong><\/p><\/td><\/tr><\/tbody><\/table><p><span style=\"font-weight: 400;\">MA in Sociology Intercultural Mediation programme gives you a unique chance to ask and seek answers to the big questions about social changes taking place every day around you (think about migrations, social movements, cultural transformations and many more). What are the reasons for these changes? What are their implications for the individual and for the whole society?<\/span><\/p><p><span style=\"font-weight: 400;\">\u00a0We put great emphasis on the topic of Intercultural Mediation which means we help you understand how culture (in its great variety) informs social change and how it can be facilitated using the knowledge on how people create social groups, how they communicate, what kind of internal and external factors influence how society works. MA in Sociology Intercultural Mediation programme is an opportunity to study in an culturally open and intelectually stimulating environment with a guidance by scholars and experts in a diverse range of fields of reseach and social practice of intercultural communication.\u00a0 The master programme in sociology, specialisation &#8220;Intercultural mediation&#8221; is offered by the Institute of Sociology at the University of Wroclaw. The Institute of Sociology was founded in 1988. It is the oldest research and educational centre in Wroc\u0142aw offering BA and MA programmes in sociology based on highly qualified staff. The Institute of Sociology employs 52 academic teachers, including 40 assistant professors and 12 associate professors and full professors. The Institute cooperates with a range of national and international academic partners.<\/span><\/p><p><strong>The programme involves 905 teaching hours (121 ECTS). The particular focus of the &#8220;Intercultural mediation&#8221; programme is on the local, regional (Central and Eastern European) and global dimensions of culture and multiculturalism.<\/strong><\/p><p><span style=\"font-weight: 400;\">The graduates of the Intercultural mediation programme will acquire knowledge, skills and competences which they can use in their professional work in the areas of intercultural communication (on the local and corporate levels), conflict resolutions and actions aimed at social integration as well as practical (quantitative and qualitative) social research on the problems of multiculturalism, migration and social changes taking place globally and in Central and Eastern Europe. The programme will prepare them to work as experts in the state and local administration, non-governmental organisations and private sector companies offering them transferable skills in the areas of multiculturalism, diversity management and cultural conflict resolution.<\/span><\/p><p><span style=\"font-weight: 400;\">For more information, please visit the <\/span><a href=\"https:\/\/www.socjologia.uni.wroc.pl\/en\/Studies\/Master-in-Sociology\"><span style=\"font-weight: 400;\">programme website<\/span><\/a><span style=\"font-weight: 400;\">.<\/span><\/p><p><span style=\"font-weight: 400;\">&#8212;\u00a0<\/span><\/p><p><span style=\"font-weight: 400;\">The programme is based on the synergy with the international Master Programme Erasmus Mundus <\/span><a href=\"http:\/\/http\/\/mastermitra.univ-lille3.fr\/\"><span style=\"font-weight: 400;\">MITRA<\/span><\/a><span style=\"font-weight: 400;\"> (M\u00e9diation interculturelle : identit\u00e9s, mobilit\u00e9s, conflits) in which the Institute of Sociology is also involved.<\/span><\/p><p><span style=\"font-weight: 400;\">Download: \u00a0 <\/span><a href=\"https:\/\/international.uni.wroc.pl\/sites\/default\/files\/2023-01\/Guidebook%20-%20Faculty%20of%20Social%20Science_5.pdf\"><span style=\"font-weight: 400;\">Guidebook &#8211; Faculty of Social Science_5.pdf<\/span><\/a><\/p>\t\t\t\t\t\t\t\t<\/div>\n\t\t\t\t<\/div>\n\t\t\t\t\t<\/div>\n\t\t<\/div>\n\t\t\t\t\t<\/div>\n\t\t<\/section>\n\t\t\t\t<\/div>\n\t\t","protected":false},"excerpt":{"rendered":"<p>Sociology: Intercultural Mediation Master Fulltime studies in English Faculty of Social Sciences MA in Sociology Intercultural Mediation programme gives you a unique chance to ask and seek answers to the big questions about social changes taking place every day around you (think about migrations, social movements, cultural transformations and many more). What are the reasons [&hellip;]<\/p>\n","protected":false},"author":1,"featured_media":0,"parent":2285,"menu_order":20,"comment_status":"closed","ping_status":"closed","template":"","meta":{"site-sidebar-layout":"no-sidebar","site-content-layout":"page-builder","ast-site-content-layout":"default","site-content-style":"default","site-sidebar-style":"default","ast-global-header-display":"","ast-banner-title-visibility":"","ast-main-header-display":"","ast-hfb-above-header-display":"","ast-hfb-below-header-display":"","ast-hfb-mobile-header-display":"","site-post-title":"disabled","ast-breadcrumbs-content":"","ast-featured-img":"disabled","footer-sml-layout":"","theme-transparent-header-meta":"","adv-header-id-meta":"","stick-header-meta":"","header-above-stick-meta":"","header-main-stick-meta":"","header-below-stick-meta":"","astra-migrate-meta-layouts":"default","ast-page-background-enabled":"default","ast-page-background-meta":{"desktop":{"background-color":"var(--ast-global-color-4)","background-image":"","background-repeat":"repeat","background-position":"center center","background-size":"auto","background-attachment":"scroll","background-type":"","background-media":"","overlay-type":"","overlay-color":"","overlay-opacity":"","overlay-gradient":""},"tablet":{"background-color":"","background-image":"","background-repeat":"repeat","background-position":"center center","background-size":"auto","background-attachment":"scroll","background-type":"","background-media":"","overlay-type":"","overlay-color":"","overlay-opacity":"","overlay-gradient":""},"mobile":{"background-color":"","background-image":"","background-repeat":"repeat","background-position":"center center","background-size":"auto","background-attachment":"scroll","background-type":"","background-media":"","overlay-type":"","overlay-color":"","overlay-opacity":"","overlay-gradient":""}},"ast-content-background-meta":{"desktop":{"background-color":"var(--ast-global-color-5)","background-image":"","background-repeat":"repeat","background-position":"center center","background-size":"auto","background-attachment":"scroll","background-type":"","background-media":"","overlay-type":"","overlay-color":"","overlay-opacity":"","overlay-gradient":""},"tablet":{"background-color":"var(--ast-global-color-5)","background-image":"","background-repeat":"repeat","background-position":"center center","background-size":"auto","background-attachment":"scroll","background-type":"","background-media":"","overlay-type":"","overlay-color":"","overlay-opacity":"","overlay-gradient":""},"mobile":{"background-color":"var(--ast-global-color-5)","background-image":"","background-repeat":"repeat","background-position":"center center","background-size":"auto","background-attachment":"scroll","background-type":"","background-media":"","overlay-type":"","overlay-color":"","overlay-opacity":"","overlay-gradient":""}},"footnotes":""},"class_list":["post-3134","page","type-page","status-publish","hentry"],"yoast_head":"<!-- This site is optimized with the Yoast SEO plugin v27.3 - https:\/\/yoast.com\/product\/yoast-seo-wordpress\/ -->\n<title>Sociology: Intercultural Mediation -<\/title>\n<meta name=\"robots\" content=\"index, follow, max-snippet:-1, max-image-preview:large, max-video-preview:-1\" \/>\n<link rel=\"canonical\" href=\"https:\/\/ready4uni.eu\/index.php\/degrees\/wroclaw-university\/sociology-intercultural-mediation\/\" \/>\n<meta property=\"og:locale\" content=\"en_US\" \/>\n<meta property=\"og:type\" content=\"article\" \/>\n<meta property=\"og:title\" content=\"Sociology: Intercultural Mediation -\" \/>\n<meta property=\"og:description\" content=\"Sociology: Intercultural Mediation Master Fulltime studies in English Faculty of Social Sciences MA in Sociology Intercultural Mediation programme gives you a unique chance to ask and seek answers to the big questions about social changes taking place every day around you (think about migrations, social movements, cultural transformations and many more). What are the reasons [&hellip;]\" \/>\n<meta property=\"og:url\" content=\"https:\/\/ready4uni.eu\/index.php\/degrees\/wroclaw-university\/sociology-intercultural-mediation\/\" \/>\n<meta property=\"article:publisher\" content=\"https:\/\/www.facebook.com\/profile.php?id=100089823527571\" \/>\n<meta property=\"article:modified_time\" content=\"2023-04-17T20:18:50+00:00\" \/>\n<meta name=\"twitter:card\" content=\"summary_large_image\" \/>\n<meta name=\"twitter:label1\" content=\"Est. reading time\" \/>\n\t<meta name=\"twitter:data1\" content=\"2 minutes\" \/>\n<script type=\"application\/ld+json\" class=\"yoast-schema-graph\">{\"@context\":\"https:\\\/\\\/schema.org\",\"@graph\":[{\"@type\":\"WebPage\",\"@id\":\"https:\\\/\\\/ready4uni.eu\\\/index.php\\\/degrees\\\/wroclaw-university\\\/sociology-intercultural-mediation\\\/\",\"url\":\"https:\\\/\\\/ready4uni.eu\\\/index.php\\\/degrees\\\/wroclaw-university\\\/sociology-intercultural-mediation\\\/\",\"name\":\"Sociology: Intercultural Mediation -\",\"isPartOf\":{\"@id\":\"https:\\\/\\\/ready4uni.eu\\\/#website\"},\"datePublished\":\"2023-04-09T20:32:59+00:00\",\"dateModified\":\"2023-04-17T20:18:50+00:00\",\"breadcrumb\":{\"@id\":\"https:\\\/\\\/ready4uni.eu\\\/index.php\\\/degrees\\\/wroclaw-university\\\/sociology-intercultural-mediation\\\/#breadcrumb\"},\"inLanguage\":\"en-US\",\"potentialAction\":[{\"@type\":\"ReadAction\",\"target\":[\"https:\\\/\\\/ready4uni.eu\\\/index.php\\\/degrees\\\/wroclaw-university\\\/sociology-intercultural-mediation\\\/\"]}]},{\"@type\":\"BreadcrumbList\",\"@id\":\"https:\\\/\\\/ready4uni.eu\\\/index.php\\\/degrees\\\/wroclaw-university\\\/sociology-intercultural-mediation\\\/#breadcrumb\",\"itemListElement\":[{\"@type\":\"ListItem\",\"position\":1,\"name\":\"Home\",\"item\":\"https:\\\/\\\/ready4uni.eu\\\/\"},{\"@type\":\"ListItem\",\"position\":2,\"name\":\"Degrees\",\"item\":\"http:\\\/\\\/ready4uni.eu\\\/index.php\\\/degrees\\\/\"},{\"@type\":\"ListItem\",\"position\":3,\"name\":\"Wroc\u0142aw University\",\"item\":\"http:\\\/\\\/ready4uni.eu\\\/index.php\\\/degrees\\\/wroclaw-university\\\/\"},{\"@type\":\"ListItem\",\"position\":4,\"name\":\"Sociology: Intercultural Mediation\"}]},{\"@type\":\"WebSite\",\"@id\":\"https:\\\/\\\/ready4uni.eu\\\/#website\",\"url\":\"https:\\\/\\\/ready4uni.eu\\\/\",\"name\":\"\",\"description\":\"Realise your dreams\",\"potentialAction\":[{\"@type\":\"SearchAction\",\"target\":{\"@type\":\"EntryPoint\",\"urlTemplate\":\"https:\\\/\\\/ready4uni.eu\\\/?s={search_term_string}\"},\"query-input\":{\"@type\":\"PropertyValueSpecification\",\"valueRequired\":true,\"valueName\":\"search_term_string\"}}],\"inLanguage\":\"en-US\"}]}<\/script>\n<!-- \/ Yoast SEO plugin. -->","yoast_head_json":{"title":"Sociology: Intercultural Mediation -","robots":{"index":"index","follow":"follow","max-snippet":"max-snippet:-1","max-image-preview":"max-image-preview:large","max-video-preview":"max-video-preview:-1"},"canonical":"https:\/\/ready4uni.eu\/index.php\/degrees\/wroclaw-university\/sociology-intercultural-mediation\/","og_locale":"en_US","og_type":"article","og_title":"Sociology: Intercultural Mediation -","og_description":"Sociology: Intercultural Mediation Master Fulltime studies in English Faculty of Social Sciences MA in Sociology Intercultural Mediation programme gives you a unique chance to ask and seek answers to the big questions about social changes taking place every day around you (think about migrations, social movements, cultural transformations and many more). What are the reasons [&hellip;]","og_url":"https:\/\/ready4uni.eu\/index.php\/degrees\/wroclaw-university\/sociology-intercultural-mediation\/","article_publisher":"https:\/\/www.facebook.com\/profile.php?id=100089823527571","article_modified_time":"2023-04-17T20:18:50+00:00","twitter_card":"summary_large_image","twitter_misc":{"Est. reading time":"2 minutes"},"schema":{"@context":"https:\/\/schema.org","@graph":[{"@type":"WebPage","@id":"https:\/\/ready4uni.eu\/index.php\/degrees\/wroclaw-university\/sociology-intercultural-mediation\/","url":"https:\/\/ready4uni.eu\/index.php\/degrees\/wroclaw-university\/sociology-intercultural-mediation\/","name":"Sociology: Intercultural Mediation -","isPartOf":{"@id":"https:\/\/ready4uni.eu\/#website"},"datePublished":"2023-04-09T20:32:59+00:00","dateModified":"2023-04-17T20:18:50+00:00","breadcrumb":{"@id":"https:\/\/ready4uni.eu\/index.php\/degrees\/wroclaw-university\/sociology-intercultural-mediation\/#breadcrumb"},"inLanguage":"en-US","potentialAction":[{"@type":"ReadAction","target":["https:\/\/ready4uni.eu\/index.php\/degrees\/wroclaw-university\/sociology-intercultural-mediation\/"]}]},{"@type":"BreadcrumbList","@id":"https:\/\/ready4uni.eu\/index.php\/degrees\/wroclaw-university\/sociology-intercultural-mediation\/#breadcrumb","itemListElement":[{"@type":"ListItem","position":1,"name":"Home","item":"https:\/\/ready4uni.eu\/"},{"@type":"ListItem","position":2,"name":"Degrees","item":"http:\/\/ready4uni.eu\/index.php\/degrees\/"},{"@type":"ListItem","position":3,"name":"Wroc\u0142aw University","item":"http:\/\/ready4uni.eu\/index.php\/degrees\/wroclaw-university\/"},{"@type":"ListItem","position":4,"name":"Sociology: Intercultural Mediation"}]},{"@type":"WebSite","@id":"https:\/\/ready4uni.eu\/#website","url":"https:\/\/ready4uni.eu\/","name":"","description":"Realise your dreams","potentialAction":[{"@type":"SearchAction","target":{"@type":"EntryPoint","urlTemplate":"https:\/\/ready4uni.eu\/?s={search_term_string}"},"query-input":{"@type":"PropertyValueSpecification","valueRequired":true,"valueName":"search_term_string"}}],"inLanguage":"en-US"}]}},"_links":{"self":[{"href":"https:\/\/ready4uni.eu\/index.php\/wp-json\/wp\/v2\/pages\/3134","targetHints":{"allow":["GET"]}}],"collection":[{"href":"https:\/\/ready4uni.eu\/index.php\/wp-json\/wp\/v2\/pages"}],"about":[{"href":"https:\/\/ready4uni.eu\/index.php\/wp-json\/wp\/v2\/types\/page"}],"author":[{"embeddable":true,"href":"https:\/\/ready4uni.eu\/index.php\/wp-json\/wp\/v2\/users\/1"}],"replies":[{"embeddable":true,"href":"https:\/\/ready4uni.eu\/index.php\/wp-json\/wp\/v2\/comments?post=3134"}],"version-history":[{"count":7,"href":"https:\/\/ready4uni.eu\/index.php\/wp-json\/wp\/v2\/pages\/3134\/revisions"}],"predecessor-version":[{"id":4107,"href":"https:\/\/ready4uni.eu\/index.php\/wp-json\/wp\/v2\/pages\/3134\/revisions\/4107"}],"up":[{"embeddable":true,"href":"https:\/\/ready4uni.eu\/index.php\/wp-json\/wp\/v2\/pages\/2285"}],"wp:attachment":[{"href":"https:\/\/ready4uni.eu\/index.php\/wp-json\/wp\/v2\/media?parent=3134"}],"curies":[{"name":"wp","href":"https:\/\/api.w.org\/{rel}","templated":true}]}}